{"id":29,"date":"2022-04-17T10:24:50","date_gmt":"2022-04-17T10:24:50","guid":{"rendered":"https:\/\/exxonmobil.irodai-masszazs.hu\/?page_id=29"},"modified":"2024-12-10T14:00:24","modified_gmt":"2024-12-10T13:00:24","slug":"bejelentkezes","status":"publish","type":"page","link":"https:\/\/exxonmobil.irodai-masszazs.hu\/en\/bejelentkezes\/","title":{"rendered":"Log in"},"content":{"rendered":"\t\t<div data-elementor-type=\"wp-page\" data-elementor-id=\"29\" class=\"elementor elementor-29\" data-elementor-post-type=\"page\">\n\t\t\t\t\t\t<section class=\"elementor-section elementor-top-section elementor-element elementor-element-137d9ff elementor-section-boxed elementor-section-height-default elementor-section-height-default\" data-id=\"137d9ff\" data-element_type=\"section\" data-e-type=\"section\">\n\t\t\t\t\t\t<div class=\"elementor-container elementor-column-gap-default\">\n\t\t\t\t\t<div class=\"elementor-column elementor-col-50 elementor-top-column elementor-element elementor-element-2faae64\" data-id=\"2faae64\" data-element_type=\"column\" data-e-type=\"column\">\n\t\t\t<div class=\"elementor-widget-wrap elementor-element-populated\">\n\t\t\t\t\t\t<div class=\"elementor-element elementor-element-0e969db elementor-widget elementor-widget-text-editor\" data-id=\"0e969db\" data-element_type=\"widget\" data-e-type=\"widget\" data-widget_type=\"text-editor.default\">\n\t\t\t\t<div class=\"elementor-widget-container\">\n\t\t\t\t\t\t\t\t\t<p><!-- This form was created and powered by ProfilePress WordPress plugin - https:\/\/profilepress.com -->\r\n<style type=\"text\/css\">\r\n @import url('https:\/\/fonts.googleapis.com\/css?family=Merriweather:300,400,600,700&display=swap');#pp-registration-1-wrap .profilepress-reg-status {border-radius:5px;font-size:16px;line-height:1.471;padding:10px;background-color:#e74c3c;color:#ffffff;font-weight:normal;text-align:center;vertical-align:middle;margin:10px 0;-webkit-box-sizing:border-box;-moz-box-sizing:border-box;box-sizing:border-box;max-width:100%;}#pp-registration-1-wrap .profilepress-reg-status.success {background-color:#2ecc71;color:#ffffff;}#pp-registration-1-wrap .profilepress-reg-status a {color:#fff;text-decoration:underline;}#pp-registration-1-wrap.pp-form-container {max-width:400px !important;width:100%;margin:0 auto;}.pp-form-container #pp-registration-1.ppBuildScratch {background:#ffffff;color:#69717a;font-size:14px;}.pp-form-container #pp-registration-1.ppBuildScratch .pp-form-field-wrap .pp-form-field-input-textarea-wrap {position:relative;}.pp-form-container #pp-registration-1.ppBuildScratch,.pp-form-container #pp-registration-1.ppBuildScratch * {font-family:'Merriweather',-apple-system,BlinkMacSystemFont,\"Segoe UI\",Roboto,Oxygen-Sans,Ubuntu,Cantarell,\"Helvetica Neue\",sans-serif;}.pp-form-container #pp-registration-1.ppBuildScratch .pp-form-field-wrap input,.pp-form-container #pp-registration-1.ppBuildScratch .pp-form-field-wrap select,.pp-form-container #pp-registration-1.ppBuildScratch .pp-form-field-wrap textarea {font-size:14px;border-color:#dbdbdb;background:#ffffff;color :#69717a; }.pp-form-container #pp-registration-1.ppBuildScratch .pp-form-field-wrap .pp-form-material-icons {color:#666666;}.pp-form-container #pp-registration-1.ppBuildScratch .pp-checkbox-wrap label,.pp-form-container #pp-registration-1.ppBuildScratch .pp-radio-wrap label {font-size:14px;color :#69717a;vertical-align:middle;}.pp-form-container #pp-registration-1.ppBuildScratch .pp-form-field-wrap input[type=text]:focus,.pp-form-container #pp-registration-1.ppBuildScratch .pp-form-field-wrap input[type=password]:focus,.pp-form-container #pp-registration-1.ppBuildScratch .pp-form-field-wrap select:focus,.pp-form-container #pp-registration-1.ppBuildScratch .pp-form-field-wrap textarea:focus {outline:0;background:#ffffff;border-color:#999999;box-shadow:0 0 0 1px #999999;}.pp-form-container #pp-registration-1.ppBuildScratch .pp-form-field-wrap ::placeholder{color:#999999;}.pp-form-container #pp-registration-1.ppBuildScratch .pp-form-field-wrap ::-webkit-input-placeholder{color:#999999;}.pp-form-container #pp-registration-1.ppBuildScratch .pp-form-field-wrap ::-moz-placeholder{color:#999999;}.pp-form-container #pp-registration-1.ppBuildScratch .pp-form-field-wrap :-moz-placeholder{color:#999999;}.pp-form-container #pp-registration-1.ppBuildScratch .pp-form-field-wrap :-ms-input-placeholder{color:#999999;}.pp-form-container #pp-registration-1.ppBuildScratch .ppbs-headline,.pp-form-container #pp-registration-1.ppBuildScratch h1,.pp-form-container #pp-registration-1.ppBuildScratch h2,.pp-form-container #pp-registration-1.ppBuildScratch h3,.pp-form-container #pp-registration-1.ppBuildScratch {color:#444444;}.pp-form-container #pp-registration-1.ppBuildScratch .pp-form-field-wrap .pp-form-label-wrap .pp-form-label {color:#444444;font-size:14px;font-weight:bold;}.pp-form-container #pp-registration-1.ppBuildScratch .pp-form-field-description {color:#666666;text-align:left;}.pp-form-container #pp-registration-1.ppBuildScratch .pp-form-submit-button-wrap input[type=\"submit\"] {font-size:16px;font-weight:bold;background:#000000;color:#ffffff;top:auto;}.pp-form-container #pp-registration-1.ppBuildScratch .pp-form-submit-button-wrap input[type=\"submit\"]:hover,.pp-form-container #pp-registration-1.ppBuildScratch .pp-form-submit-button-wrap input[type=\"submit\"]:focus {background:#dbdbdb;color:#000000;}.pp-form-container div#pp-registration-1.ppBuildScratch a.pp-button-social-login {margin-right:6.387%;}.pp-form-container div#pp-registration-1.ppBuildScratch a.pp-button-social-login {display:block;height:3em;line-height:3em;text-decoration:none;margin-bottom:10px;}.pp-form-container div#pp-registration-1.ppBuildScratch a.pp-button-social-login .ppsc {width:3em;height:3em;}.pp-form-container div#pp-registration-1.ppBuildScratch a.pp-button-social-login span.ppsc-text {margin-left:50px;}.pp-form-container div#pp-registration-12.ppBuildScratch a.pp-button-social-login:last-of-type {margin-bottom:20px;}.pp-form-container .ppress-form-bottom-links {padding-top:15px;padding-bottom:15px;text-align:center;}.pp-form-container .ppress-form-bottom-links a {line-height:22px;font-size:14px;color:#69717a !important;display:inline-block;text-decoration:none!important;font-weight:400;text-align:center;border-bottom:none!important;}.pp-form-container .ppress-form-bottom-links a:hover {text-decoration:underline!important;} \r\n<\/style><div id=\"pp-registration-1-wrap\" class=\"pp-form-container pp-registration-form-wrapper\"><form data-pp-form-submit=\"signup\" id='pp_registration_1' method=\"post\" enctype=\"multipart\/form-data\"><div id=\"pp-registration-1\" class=\"pp-form-wrapper pp-registration pp-registration-1 ppBuildScratch ppfl-pill ppsbl-pill ppsbw-full-width ppfs-medium ppfia-right\">\n<div class=\"ppbs-headline\">Regisztr\u00e1ci\u00f3<\/div>\n\n<div class=\"pp-form-field-wrap reg-first-name fw-full field-has-icon fda-standard fld-above\"><div class=\"pp-form-field-input-textarea-wrap\"><input name='reg_first_name' type='text' id=\"75gss2qr4bg0\" placeholder=\"Vezet\u00e9kn\u00e9v\" class=\"pp-form-field reg-first-name\"><i class=\"pp-form-material-icons\">perm_identity<\/i><\/div><\/div><div class=\"pp-form-field-wrap reg-last-name fw-full field-has-icon fda-standard fld-above\"><div class=\"pp-form-field-input-textarea-wrap\"><input name='reg_last_name' type='text' id=\"7rhs7so9reu0\" placeholder=\"Keresztn\u00e9v\" class=\"pp-form-field reg-last-name\"><i class=\"pp-form-material-icons\">perm_identity<\/i><\/div><\/div><div class=\"pp-form-field-wrap reg-username fw-full field-has-icon fda-standard fld-above\"><div class=\"pp-form-field-input-textarea-wrap\"><input name='reg_username' type='text' id=\"khd25q0sa7k0\" placeholder=\"Felhaszn\u00e1l\u00f3n\u00e9v\" class=\"pp-form-field reg-username\" required=\"required\"><i class=\"pp-form-material-icons\">face<\/i><\/div><\/div><div class=\"pp-form-field-wrap reg-email fw-full field-has-icon fda-standard fld-above\"><div class=\"pp-form-field-input-textarea-wrap\"><input name='reg_email' type='text' id=\"7t966o174lm0\" placeholder=\"Email c\u00edm\" class=\"pp-form-field reg-email\" required=\"required\"><i class=\"pp-form-material-icons\">email<\/i><\/div><\/div><div class=\"pp-form-field-wrap reg-password fw-full has-password-visibility-icon fda-standard fld-above\"><div class=\"pp-form-field-input-textarea-wrap\"><input name='reg_password' type='password' id=\"4lk1hgcia5e0\" placeholder=\"Jelsz\u00f3\" class=\"pp-form-field reg-password\" required=\"required\"><input name=\"reg_password_present\" type=\"hidden\" value=\"true\"><i class=\"pp-form-material-icons\">visibility<\/i><\/div><\/div>\n<div class=\"pp-form-submit-button-wrap\">\n<input data-pp-submit-label=\"Regisztr\u00e1ci\u00f3\" data-pp-processing-label=\"Folyamatban...\" name=\"reg_submit\" type=\"submit\" class=\"pp-submit-form ppform-submit-button\" value=\"Regisztr\u00e1ci\u00f3\" processing_label=\"Folyamatban...\"><input type=\"hidden\" id=\"_wpnonce\" name=\"_wpnonce\" value=\"e16957975b\" \/><input type=\"hidden\" name=\"_wp_http_referer\" value=\"\/en\/wp-json\/wp\/v2\/pages\/29\" \/>\n<\/div>\n<\/div>\n<input type=\"hidden\" name=\"pp_current_url\" value=\"https:\/\/exxonmobil.irodai-masszazs.hu\/en\/wp-json\/wp\/v2\/pages\/29\"><input type='hidden' name='signup_form_id' value='1'><input type='hidden' name='signup_referrer_page' value=''><\/form><\/div>\r\n<!-- \/ ProfilePress WordPress plugin. -->\r\n<\/p>\t\t\t\t\t\t\t\t<\/div>\n\t\t\t\t<\/div>\n\t\t\t\t\t<\/div>\n\t\t<\/div>\n\t\t\t\t<div class=\"elementor-column elementor-col-50 elementor-top-column elementor-element elementor-element-3a5f080\" data-id=\"3a5f080\" data-element_type=\"column\" data-e-type=\"column\">\n\t\t\t<div class=\"elementor-widget-wrap elementor-element-populated\">\n\t\t\t\t\t\t<div class=\"elementor-element elementor-element-aa065a1 elementor-widget elementor-widget-text-editor\" data-id=\"aa065a1\" data-element_type=\"widget\" data-e-type=\"widget\" data-widget_type=\"text-editor.default\">\n\t\t\t\t<div class=\"elementor-widget-container\">\n\t\t\t\t\t\t\t\t\t<p><!-- This form was created and powered by ProfilePress WordPress plugin - https:\/\/profilepress.com -->\r\n\r\n <style type=\"text\/css\">\r\n@import url('https:\/\/fonts.googleapis.com\/css?family=Merriweather:300,400,600,700&display=swap');#pp-login-1-wrap .profilepress-login-status {border-radius:5px;font-size:16px;line-height:1.471;padding:10px;background-color:#e74c3c;color:#ffffff;font-weight:normal;text-align:center;vertical-align:middle;margin:10px 0;-webkit-box-sizing:border-box;-moz-box-sizing:border-box;box-sizing:border-box;max-width:100%;}#pp-login-1-wrap .profilepress-login-status.success {background-color:#2ecc71;color:#ffffff;}#pp-login-1-wrap .profilepress-login-status a {color:#fff;text-decoration:underline;}#pp-login-1-wrap.pp-form-container {max-width:400px !important;width:100%;margin:0 auto;}.pp-form-container #pp-login-1.ppBuildScratch {background:#ffffff;color:#69717a;font-size:14px;}.pp-form-container #pp-login-1.ppBuildScratch .pp-form-field-wrap .pp-form-field-input-textarea-wrap {position:relative;}.pp-form-container #pp-login-1.ppBuildScratch,.pp-form-container #pp-login-1.ppBuildScratch * {font-family:'Merriweather',-apple-system,BlinkMacSystemFont,\"Segoe UI\",Roboto,Oxygen-Sans,Ubuntu,Cantarell,\"Helvetica Neue\",sans-serif;}.pp-form-container #pp-login-1.ppBuildScratch .pp-form-field-wrap input,.pp-form-container #pp-login-1.ppBuildScratch .pp-form-field-wrap select,.pp-form-container #pp-login-1.ppBuildScratch .pp-form-field-wrap textarea {font-size:14px;border-color:#dbdbdb;background:#ffffff;color :#69717a; }.pp-form-container #pp-login-1.ppBuildScratch .pp-form-field-wrap .pp-form-material-icons {color:#666666;}.pp-form-container #pp-login-1.ppBuildScratch .pp-checkbox-wrap label,.pp-form-container #pp-login-1.ppBuildScratch .pp-radio-wrap label {font-size:14px;color :#69717a;vertical-align:middle;}.pp-form-container #pp-login-1.ppBuildScratch .pp-form-field-wrap input[type=text]:focus,.pp-form-container #pp-login-1.ppBuildScratch .pp-form-field-wrap input[type=password]:focus,.pp-form-container #pp-login-1.ppBuildScratch .pp-form-field-wrap select:focus,.pp-form-container #pp-login-1.ppBuildScratch .pp-form-field-wrap textarea:focus {outline:0;background:#ffffff;border-color:#999999;box-shadow:0 0 0 1px #999999;}.pp-form-container #pp-login-1.ppBuildScratch .pp-form-field-wrap ::placeholder{color:#999999;}.pp-form-container #pp-login-1.ppBuildScratch .pp-form-field-wrap ::-webkit-input-placeholder{color:#999999;}.pp-form-container #pp-login-1.ppBuildScratch .pp-form-field-wrap ::-moz-placeholder{color:#999999;}.pp-form-container #pp-login-1.ppBuildScratch .pp-form-field-wrap :-moz-placeholder{color:#999999;}.pp-form-container #pp-login-1.ppBuildScratch .pp-form-field-wrap :-ms-input-placeholder{color:#999999;}.pp-form-container #pp-login-1.ppBuildScratch .ppbs-headline,.pp-form-container #pp-login-1.ppBuildScratch h1,.pp-form-container #pp-login-1.ppBuildScratch h2,.pp-form-container #pp-login-1.ppBuildScratch h3,.pp-form-container #pp-login-1.ppBuildScratch {color:#444444;}.pp-form-container #pp-login-1.ppBuildScratch .pp-form-field-wrap .pp-form-label-wrap .pp-form-label {color:#444444;font-size:14px;font-weight:bold;}.pp-form-container #pp-login-1.ppBuildScratch .pp-form-field-description {color:#666666;text-align:left;}.pp-form-container #pp-login-1.ppBuildScratch .pp-form-submit-button-wrap input[type=\"submit\"] {font-size:16px;font-weight:bold;background:#000000;color:#ffffff;top:auto;}.pp-form-container #pp-login-1.ppBuildScratch .pp-form-submit-button-wrap input[type=\"submit\"]:hover,.pp-form-container #pp-login-1.ppBuildScratch .pp-form-submit-button-wrap input[type=\"submit\"]:focus {background:#dbdbdb;color:#000000;}.pp-form-container div#pp-login-1.ppBuildScratch a.pp-button-social-login {margin-right:6.387%;}.pp-form-container div#pp-login-1.ppBuildScratch a.pp-button-social-login {display:block;height:3em;line-height:3em;text-decoration:none;margin-bottom:10px;}.pp-form-container div#pp-login-1.ppBuildScratch a.pp-button-social-login .ppsc {width:3em;height:3em;}.pp-form-container div#pp-login-1.ppBuildScratch a.pp-button-social-login span.ppsc-text {margin-left:50px;}.pp-form-container div#pp-registration-12.ppBuildScratch a.pp-button-social-login:last-of-type {margin-bottom:20px;}.pp-form-container .ppress-form-bottom-links {padding-top:15px;padding-bottom:15px;text-align:center;}.pp-form-container .ppress-form-bottom-links a {line-height:22px;font-size:14px;color:#69717a !important;display:inline-block;text-decoration:none!important;font-weight:400;text-align:center;border-bottom:none!important;}.pp-form-container .ppress-form-bottom-links a:hover {text-decoration:underline!important;}html body .pp-form-container .pp-2fa,\n                html body .pp-form-container .pp-form-wrapper .pp-form-field-wrap.pp-2fa {\n                    display:none;\n                }\r\n<\/style>\r\n<div id=\"pp-login-1-wrap\" class=\"pp-form-container pp-login-form-wrap\"><form data-pp-form-submit=\"login\" id='pp_login_1' method=\"post\"><div id=\"pp-login-1\" class=\"pp-form-wrapper pp-login pp-login-1 ppBuildScratch ppfl-pill ppsbl-pill ppsbw-full-width ppfs-medium ppfia-right\">\n<div class=\"ppbs-headline\">Bejelentkez\u00e9s<\/div>\n\n<div class=\"pp-form-field-wrap login-username fw-full field-has-icon fda-standard fld-above\"><div class=\"pp-form-field-input-textarea-wrap\"><input name=\"login_username\" type=\"text\" value=\"\" title=\"Username\" class=\"pp-form-field login-username\" placeholder=\"Felhaszn\u00e1l\u00f3n\u00e9v vagy email c\u00edm\" id=\"1helauaoii80\"  required=\"required\"><i class=\"pp-form-material-icons\">face<\/i><i class=\"pp-form-material-icons\">face<\/i><\/div><\/div><div class=\"pp-form-field-wrap login-password fw-full has-password-visibility-icon fda-standard fld-above\"><div class=\"pp-form-field-input-textarea-wrap\"><input name='login_password' type='password' title=\"Password\" value=\"\" class=\"pp-form-field login-password\" placeholder=\"Jelsz\u00f3\" id=\"6afbbvfn0560\"  required=\"required\"><i class=\"pp-form-material-icons\">visibility<\/i><i class=\"pp-form-material-icons\">visibility<\/i><\/div><\/div>\n<div class=\"pp-form-submit-button-wrap\">\n<input data-pp-submit-label=\"Bel\u00e9p\u00e9s\" data-pp-processing-label=\"Processing\" type=\"submit\" value=\"Bel\u00e9p\u00e9s\" name=\"login_submit\" title=\"\" class=\"pp-submit-form ppform-submit-button\" id=\"\" >\n<\/div>\n<\/div>\n<div class=\"ppress-form-bottom-links\">\n    <a href=\"https:\/\/exxonmobil.irodai-masszazs.hu\/en\/bejelentkezes\/\"><\/a><a href=\"https:\/\/exxonmobil.irodai-masszazs.hu\/wp-login.php?action=lostpassword\">Elveszett a jelszava?<\/a>\n<\/div><input type='hidden' name='login_form_id' value='1'><input type=\"hidden\" name=\"pp_current_url\" value=\"https:\/\/exxonmobil.irodai-masszazs.hu\/en\/wp-json\/wp\/v2\/pages\/29\"><input type=\"hidden\" name=\"login_referrer_page\" value=\"\"><\/form><\/div>\r\n<!-- \/ ProfilePress WordPress plugin. -->\r\n<\/p>\t\t\t\t\t\t\t\t<\/div>\n\t\t\t\t<\/div>\n\t\t\t\t\t<\/div>\n\t\t<\/div>\n\t\t\t\t\t<\/div>\n\t\t<\/section>\n\t\t\t\t<section class=\"elementor-section elementor-top-section elementor-element elementor-element-30445e4 elementor-section-boxed elementor-section-height-default elementor-section-height-default\" data-id=\"30445e4\" data-element_type=\"section\" data-e-type=\"section\">\n\t\t\t\t\t\t<div class=\"elementor-container elementor-column-gap-default\">\n\t\t\t\t\t<div class=\"elementor-column elementor-col-100 elementor-top-column elementor-element elementor-element-2f4d243\" data-id=\"2f4d243\" data-element_type=\"column\" data-e-type=\"column\">\n\t\t\t<div class=\"elementor-widget-wrap elementor-element-populated\">\n\t\t\t\t\t\t<div class=\"elementor-element elementor-element-c49fad7 elementor-widget elementor-widget-heading\" data-id=\"c49fad7\" data-element_type=\"widget\" data-e-type=\"widget\" data-widget_type=\"heading.default\">\n\t\t\t\t<div class=\"elementor-widget-container\">\n\t\t\t\t\t<h2 class=\"elementor-heading-title elementor-size-default\">Az id\u0151pontfoglal\u00f3 rendszer h\u00e9tf\u0151 reggel 9 \u00f3r\u00e1t\u00f3l p\u00e9ntek d\u00e9lut\u00e1n 5 \u00f3r\u00e1ig \u00e9rhet\u0151 el.\nA k\u00f6vetkez\u0151 havi id\u0151pontok minden h\u00f3nap 10-\u00e9t k\u00f6vet\u0151 h\u00e9tf\u0151 reggel v\u00e1lnak el\u00e9rhet\u0151v\u00e9.\n<\/h2>\t\t\t\t<\/div>\n\t\t\t\t<\/div>\n\t\t\t\t\t<\/div>\n\t\t<\/div>\n\t\t\t\t\t<\/div>\n\t\t<\/section>\n\t\t\t\t<\/div>\n\t\t","protected":false},"excerpt":{"rendered":"<p>Az id\u0151pontfoglal\u00f3 rendszer h\u00e9tf\u0151 reggel 9 \u00f3r\u00e1t\u00f3l p\u00e9ntek d\u00e9lut\u00e1n 5 \u00f3r\u00e1ig \u00e9rhet\u0151 el. A k\u00f6vetkez\u0151 havi id\u0151pontok minden h\u00f3nap 10-\u00e9t k\u00f6vet\u0151 h\u00e9tf\u0151 reggel v\u00e1lnak el\u00e9rhet\u0151v\u00e9.<\/p>","protected":false},"author":1465,"featured_media":0,"parent":0,"menu_order":0,"comment_status":"closed","ping_status":"closed","template":"","meta":{"footnotes":""},"class_list":["post-29","page","type-page","status-publish"],"_links":{"self":[{"href":"https:\/\/exxonmobil.irodai-masszazs.hu\/en\/wp-json\/wp\/v2\/pages\/29","targetHints":{"allow":["GET"]}}],"collection":[{"href":"https:\/\/exxonmobil.irodai-masszazs.hu\/en\/wp-json\/wp\/v2\/pages"}],"about":[{"href":"https:\/\/exxonmobil.irodai-masszazs.hu\/en\/wp-json\/wp\/v2\/types\/page"}],"author":[{"embeddable":true,"href":"https:\/\/exxonmobil.irodai-masszazs.hu\/en\/wp-json\/wp\/v2\/users\/1465"}],"replies":[{"embeddable":true,"href":"https:\/\/exxonmobil.irodai-masszazs.hu\/en\/wp-json\/wp\/v2\/comments?post=29"}],"version-history":[{"count":18,"href":"https:\/\/exxonmobil.irodai-masszazs.hu\/en\/wp-json\/wp\/v2\/pages\/29\/revisions"}],"predecessor-version":[{"id":302,"href":"https:\/\/exxonmobil.irodai-masszazs.hu\/en\/wp-json\/wp\/v2\/pages\/29\/revisions\/302"}],"wp:attachment":[{"href":"https:\/\/exxonmobil.irodai-masszazs.hu\/en\/wp-json\/wp\/v2\/media?parent=29"}],"curies":[{"name":"wp","href":"https:\/\/api.w.org\/{rel}","templated":true}]}}